{"id":89,"date":"2017-01-17T12:19:05","date_gmt":"2017-01-17T11:19:05","guid":{"rendered":"http:\/\/www.hotel-praehofer.de\/cms\/?page_id=89\/"},"modified":"2017-03-06T14:27:49","modified_gmt":"2017-03-06T13:27:49","slug":"reception","status":"publish","type":"page","link":"https:\/\/www.hotel-praehofer.de\/en\/reception\/","title":{"rendered":"Reception"},"content":{"rendered":"<p>[et_pb_section admin_label=&#8221;Sektion&#8221; transparent_background=&#8221;off&#8221; allow_player_pause=&#8221;off&#8221; inner_shadow=&#8221;off&#8221; parallax=&#8221;off&#8221; parallax_method=&#8221;off&#8221; make_fullwidth=&#8221;off&#8221; use_custom_width=&#8221;off&#8221; width_unit=&#8221;on&#8221; custom_width_px=&#8221;1080px&#8221; custom_width_percent=&#8221;80%&#8221; make_equal=&#8221;off&#8221; use_custom_gutter=&#8221;off&#8221; fullwidth=&#8221;on&#8221; specialty=&#8221;off&#8221; disabled=&#8221;off&#8221;][et_pb_fullwidth_slider admin_label=&#8221;Vollbreiter Slider&#8221; show_arrows=&#8221;on&#8221; show_pagination=&#8221;on&#8221; auto=&#8221;on&#8221; auto_speed=&#8221;4500&#8243; auto_ignore_hover=&#8221;off&#8221; parallax=&#8221;off&#8221; parallax_method=&#8221;on&#8221; remove_inner_shadow=&#8221;off&#8221; background_position=&#8221;default&#8221; background_size=&#8221;default&#8221; hide_content_on_mobile=&#8221;off&#8221; hide_cta_on_mobile=&#8221;off&#8221; show_image_video_mobile=&#8221;off&#8221; custom_button=&#8221;off&#8221; button_letter_spacing=&#8221;0&#8243; button_use_icon=&#8221;default&#8221; button_icon_placement=&#8221;right&#8221; button_on_hover=&#8221;on&#8221; button_letter_spacing_hover=&#8221;0&#8243; disabled=&#8221;off&#8221;] [et_pb_slide heading=&#8221;Pr\u00e4hofer Hotel Garni Munich&#8221; button_link=&#8221;#&#8221; background_image=&#8221;https:\/\/www.hotel-praehofer.de\/cms\/wp-content\/uploads\/2017\/01\/header-1-ts.jpg&#8221; background_position=&#8221;default&#8221; background_size=&#8221;cover&#8221; background_color=&#8221;#ffffff&#8221; use_bg_overlay=&#8221;off&#8221; bg_overlay_color=&#8221;rgba(0,0,0,0.3)&#8221; use_text_overlay=&#8221;on&#8221; text_overlay_color=&#8221;rgba(0,0,0,0.3)&#8221; alignment=&#8221;center&#8221; background_layout=&#8221;dark&#8221; allow_player_pause=&#8221;off&#8221; text_border_radius=&#8221;3&#8243; header_font=&#8221;||||&#8221; body_font=&#8221;||||&#8221; custom_button=&#8221;off&#8221; button_font=&#8221;||||&#8221; button_use_icon=&#8221;default&#8221; button_icon_placement=&#8221;right&#8221; button_on_hover=&#8221;on&#8221; disabled=&#8221;off&#8221; header_font_select=&#8221;default&#8221; body_font_select=&#8221;default&#8221; button_font_select=&#8221;default&#8221;]Appartementhaus KG Kistlerhofstra\u00dfe 135 | D \u2013 81379 M\u00fcnchen<\/p>\n<p>[\/et_pb_slide][et_pb_slide heading=&#8221;Pr\u00e4hofer Hotel Garni Munich&#8221; button_link=&#8221;#&#8221; background_image=&#8221;https:\/\/www.hotel-praehofer.de\/cms\/wp-content\/uploads\/2017\/01\/zimmer-wide.jpg&#8221; background_position=&#8221;default&#8221; background_size=&#8221;cover&#8221; background_color=&#8221;#ffffff&#8221; use_bg_overlay=&#8221;off&#8221; bg_overlay_color=&#8221;rgba(0,0,0,0.3)&#8221; use_text_overlay=&#8221;on&#8221; text_overlay_color=&#8221;rgba(0,0,0,0.3)&#8221; alignment=&#8221;center&#8221; background_layout=&#8221;dark&#8221; allow_player_pause=&#8221;off&#8221; text_border_radius=&#8221;3&#8243; header_font=&#8221;||||&#8221; body_font=&#8221;||||&#8221; custom_button=&#8221;off&#8221; button_font=&#8221;||||&#8221; button_use_icon=&#8221;default&#8221; button_icon_placement=&#8221;right&#8221; button_on_hover=&#8221;on&#8221; disabled=&#8221;off&#8221; header_font_select=&#8221;default&#8221; body_font_select=&#8221;default&#8221; button_font_select=&#8221;default&#8221;]Appartementhaus KG Kistlerhofstra\u00dfe 135 | D \u2013 81379 M\u00fcnchen<\/p>\n<p>[\/et_pb_slide] [\/et_pb_fullwidth_slider][\/et_pb_section][et_pb_section admin_label=&#8221;Sektion&#8221; transparent_background=&#8221;off&#8221; allow_player_pause=&#8221;off&#8221; inner_shadow=&#8221;off&#8221; parallax=&#8221;off&#8221; parallax_method=&#8221;on&#8221; custom_padding=&#8221;51.8667px|0px|0px|0px&#8221; make_fullwidth=&#8221;off&#8221; use_custom_width=&#8221;off&#8221; width_unit=&#8221;off&#8221; custom_width_px=&#8221;1080px&#8221; custom_width_percent=&#8221;80%&#8221; make_equal=&#8221;off&#8221; use_custom_gutter=&#8221;off&#8221; fullwidth=&#8221;off&#8221; specialty=&#8221;on&#8221; disabled=&#8221;off&#8221;][et_pb_column type=&#8221;2_3&#8243; specialty_columns=&#8221;2&#8243;][et_pb_row_inner admin_label=&#8221;Zeile&#8221; use_custom_gutter=&#8221;off&#8221; make_equal=&#8221;off&#8221; parallax_1=&#8221;off&#8221; parallax_method_1=&#8221;on&#8221; parallax_2=&#8221;off&#8221; parallax_method_2=&#8221;on&#8221; parallax_3=&#8221;off&#8221; parallax_method_3=&#8221;on&#8221; disabled=&#8221;off&#8221;][et_pb_column_inner type=&#8221;1_2&#8243; saved_specialty_column_type=&#8221;2_3&#8243;][et_pb_text admin_label=&#8221;Text&#8221; background_layout=&#8221;light&#8221; text_orientation=&#8221;left&#8221; use_border_color=&#8221;off&#8221; border_style=&#8221;solid&#8221; disabled=&#8221;off&#8221;]<\/p>\n<h2>RECEPTION<\/h2>\n<p><strong>\u201cGod Bless\u201d<\/strong> and welcome to our hotel that is run by the family Pr\u00e4hofer since 1959 with love. Here, the customer is still king!<\/p>\n<p>We want you to feel comfortable and enjoy the friendly family of our house and look forward when you think back to Munich.[\/et_pb_text][\/et_pb_column_inner][et_pb_column_inner type=&#8221;1_2&#8243; saved_specialty_column_type=&#8221;2_3&#8243;][et_pb_image admin_label=&#8221;Bild&#8221; src=&#8221;https:\/\/www.hotel-praehofer.de\/cms\/wp-content\/uploads\/2017\/01\/Rezeption_2.jpg&#8221; alt=&#8221;Rezeption Praehofer&#8221; title_text=&#8221;Rezeption Praehofer&#8221; show_in_lightbox=&#8221;off&#8221; url_new_window=&#8221;off&#8221; use_overlay=&#8221;off&#8221; sticky=&#8221;off&#8221; align=&#8221;center&#8221; force_fullwidth=&#8221;off&#8221; always_center_on_mobile=&#8221;on&#8221; use_border_color=&#8221;off&#8221; border_color=&#8221;#ffffff&#8221; border_width=&#8221;1px&#8221; border_style=&#8221;solid&#8221; disabled=&#8221;off&#8221;] [\/et_pb_image][\/et_pb_column_inner][\/et_pb_row_inner][et_pb_row_inner admin_label=&#8221;Zeile&#8221;][et_pb_column_inner type=&#8221;4_4&#8243; saved_specialty_column_type=&#8221;2_3&#8243;][et_pb_text admin_label=&#8221;Text&#8221; background_layout=&#8221;light&#8221; text_orientation=&#8221;left&#8221; use_border_color=&#8221;off&#8221; border_style=&#8221;solid&#8221; disabled=&#8221;off&#8221;]Our breakfast room and lounge invite you to relax.[\/et_pb_text][\/et_pb_column_inner][\/et_pb_row_inner][et_pb_row_inner admin_label=&#8221;Zeile&#8221;][et_pb_column_inner type=&#8221;4_4&#8243; saved_specialty_column_type=&#8221;2_3&#8243;][et_pb_gallery admin_label=&#8221;Galerie&#8221; gallery_ids=&#8221;301,379,380&#8243; fullwidth=&#8221;off&#8221; orientation=&#8221;landscape&#8221; show_title_and_caption=&#8221;off&#8221; show_pagination=&#8221;off&#8221; background_layout=&#8221;light&#8221; auto=&#8221;on&#8221; auto_speed=&#8221;7000&#8243; use_border_color=&#8221;on&#8221; border_color=&#8221;#ffffff&#8221; border_style=&#8221;solid&#8221; disabled=&#8221;off&#8221; hover_overlay_color=&#8221;rgba(255,255,255,0.9)&#8221;] [\/et_pb_gallery][\/et_pb_column_inner][\/et_pb_row_inner][\/et_pb_column][et_pb_column type=&#8221;1_3&#8243;][et_pb_sidebar admin_label=&#8221;Seitenleiste&#8221; orientation=&#8221;right&#8221; area=&#8221;et_pb_widget_area_1&#8243; background_layout=&#8221;light&#8221; disabled=&#8221;off&#8221;] [\/et_pb_sidebar][\/et_pb_column][\/et_pb_section]<\/p>\n","protected":false},"excerpt":{"rendered":"<p>Appartementhaus KG Kistlerhofstra\u00dfe 135 | D \u2013 81379 M\u00fcnchen Appartementhaus KG Kistlerhofstra\u00dfe 135 | D \u2013 81379 M\u00fcnchen RECEPTION \u201cGod Bless\u201d and welcome to our hotel that is run by the family Pr\u00e4hofer since 1959 with love. Here, the customer is still king! We want you to feel comfortable and enjoy the friendly family of [&hellip;]<\/p>\n","protected":false},"author":1,"featured_media":0,"parent":0,"menu_order":0,"comment_status":"closed","ping_status":"closed","template":"","meta":{"_et_pb_use_builder":"on","_et_pb_old_content":"<p>\u201cGr\u00fc\u00df Gott\u201d und Willkommen in unserem Hotel, dass seit 1959 von der Familie Pr\u00e4hofer mit viel Liebe gef\u00fchrt wird. Hier ist der Gast noch K\u00f6nig !<br \/> Wir w\u00fcnschen, dass Sie sich wohl f\u00fchlen, die famili\u00e4re F\u00fchrung unseres Hauses genie\u00dfen und gerne an M\u00fcnchen zur\u00fcckdenken.<\/p><p>Unser Fr\u00fchst\u00fccks- und Aufenthaltsraum laden Sie zum verweilen ein.<\/p>","_et_gb_content_width":"","footnotes":""},"class_list":["post-89","page","type-page","status-publish","hentry"],"yoast_head":"<!-- This site is optimized with the Yoast SEO plugin v27.4 - https:\/\/yoast.com\/product\/yoast-seo-wordpress\/ -->\n<title>Reception - Hotel Praehofer<\/title>\n<meta name=\"robots\" content=\"index, follow, max-snippet:-1, max-image-preview:large, max-video-preview:-1\" \/>\n<link rel=\"canonical\" href=\"https:\/\/www.hotel-praehofer.de\/en\/reception\/\" \/>\n<meta property=\"og:locale\" content=\"en_US\" \/>\n<meta property=\"og:type\" content=\"article\" \/>\n<meta property=\"og:title\" content=\"Reception - Hotel Praehofer\" \/>\n<meta property=\"og:description\" content=\"Appartementhaus KG Kistlerhofstra\u00dfe 135 | D \u2013 81379 M\u00fcnchen Appartementhaus KG Kistlerhofstra\u00dfe 135 | D \u2013 81379 M\u00fcnchen RECEPTION \u201cGod Bless\u201d and welcome to our hotel that is run by the family Pr\u00e4hofer since 1959 with love. Here, the customer is still king! We want you to feel comfortable and enjoy the friendly family of [&hellip;]\" \/>\n<meta property=\"og:url\" content=\"https:\/\/www.hotel-praehofer.de\/en\/reception\/\" \/>\n<meta property=\"og:site_name\" content=\"Hotel Praehofer\" \/>\n<meta property=\"article:modified_time\" content=\"2017-03-06T13:27:49+00:00\" \/>\n<meta name=\"twitter:card\" content=\"summary_large_image\" \/>\n<meta name=\"twitter:label1\" content=\"Est. reading time\" \/>\n\t<meta name=\"twitter:data1\" content=\"4 minutes\" \/>\n<script type=\"application\/ld+json\" class=\"yoast-schema-graph\">{\"@context\":\"https:\\\/\\\/schema.org\",\"@graph\":[{\"@type\":\"WebPage\",\"@id\":\"https:\\\/\\\/www.hotel-praehofer.de\\\/en\\\/reception\\\/\",\"url\":\"https:\\\/\\\/www.hotel-praehofer.de\\\/en\\\/reception\\\/\",\"name\":\"Reception - Hotel Praehofer\",\"isPartOf\":{\"@id\":\"https:\\\/\\\/www.hotel-praehofer.de\\\/en\\\/#website\"},\"datePublished\":\"2017-01-17T11:19:05+00:00\",\"dateModified\":\"2017-03-06T13:27:49+00:00\",\"breadcrumb\":{\"@id\":\"https:\\\/\\\/www.hotel-praehofer.de\\\/en\\\/reception\\\/#breadcrumb\"},\"inLanguage\":\"en-US\",\"potentialAction\":[{\"@type\":\"ReadAction\",\"target\":[\"https:\\\/\\\/www.hotel-praehofer.de\\\/en\\\/reception\\\/\"]}]},{\"@type\":\"BreadcrumbList\",\"@id\":\"https:\\\/\\\/www.hotel-praehofer.de\\\/en\\\/reception\\\/#breadcrumb\",\"itemListElement\":[{\"@type\":\"ListItem\",\"position\":1,\"name\":\"Home\",\"item\":\"https:\\\/\\\/www.hotel-praehofer.de\\\/en\\\/\"},{\"@type\":\"ListItem\",\"position\":2,\"name\":\"Reception\"}]},{\"@type\":\"WebSite\",\"@id\":\"https:\\\/\\\/www.hotel-praehofer.de\\\/en\\\/#website\",\"url\":\"https:\\\/\\\/www.hotel-praehofer.de\\\/en\\\/\",\"name\":\"Hotel Praehofer\",\"description\":\"Hotel in M\u00fcnchen\",\"potentialAction\":[{\"@type\":\"SearchAction\",\"target\":{\"@type\":\"EntryPoint\",\"urlTemplate\":\"https:\\\/\\\/www.hotel-praehofer.de\\\/en\\\/?s={search_term_string}\"},\"query-input\":{\"@type\":\"PropertyValueSpecification\",\"valueRequired\":true,\"valueName\":\"search_term_string\"}}],\"inLanguage\":\"en-US\"}]}<\/script>\n<!-- \/ Yoast SEO plugin. -->","yoast_head_json":{"title":"Reception - Hotel Praehofer","robots":{"index":"index","follow":"follow","max-snippet":"max-snippet:-1","max-image-preview":"max-image-preview:large","max-video-preview":"max-video-preview:-1"},"canonical":"https:\/\/www.hotel-praehofer.de\/en\/reception\/","og_locale":"en_US","og_type":"article","og_title":"Reception - Hotel Praehofer","og_description":"Appartementhaus KG Kistlerhofstra\u00dfe 135 | D \u2013 81379 M\u00fcnchen Appartementhaus KG Kistlerhofstra\u00dfe 135 | D \u2013 81379 M\u00fcnchen RECEPTION \u201cGod Bless\u201d and welcome to our hotel that is run by the family Pr\u00e4hofer since 1959 with love. Here, the customer is still king! We want you to feel comfortable and enjoy the friendly family of [&hellip;]","og_url":"https:\/\/www.hotel-praehofer.de\/en\/reception\/","og_site_name":"Hotel Praehofer","article_modified_time":"2017-03-06T13:27:49+00:00","twitter_card":"summary_large_image","twitter_misc":{"Est. reading time":"4 minutes"},"schema":{"@context":"https:\/\/schema.org","@graph":[{"@type":"WebPage","@id":"https:\/\/www.hotel-praehofer.de\/en\/reception\/","url":"https:\/\/www.hotel-praehofer.de\/en\/reception\/","name":"Reception - Hotel Praehofer","isPartOf":{"@id":"https:\/\/www.hotel-praehofer.de\/en\/#website"},"datePublished":"2017-01-17T11:19:05+00:00","dateModified":"2017-03-06T13:27:49+00:00","breadcrumb":{"@id":"https:\/\/www.hotel-praehofer.de\/en\/reception\/#breadcrumb"},"inLanguage":"en-US","potentialAction":[{"@type":"ReadAction","target":["https:\/\/www.hotel-praehofer.de\/en\/reception\/"]}]},{"@type":"BreadcrumbList","@id":"https:\/\/www.hotel-praehofer.de\/en\/reception\/#breadcrumb","itemListElement":[{"@type":"ListItem","position":1,"name":"Home","item":"https:\/\/www.hotel-praehofer.de\/en\/"},{"@type":"ListItem","position":2,"name":"Reception"}]},{"@type":"WebSite","@id":"https:\/\/www.hotel-praehofer.de\/en\/#website","url":"https:\/\/www.hotel-praehofer.de\/en\/","name":"Hotel Praehofer","description":"Hotel in M\u00fcnchen","potentialAction":[{"@type":"SearchAction","target":{"@type":"EntryPoint","urlTemplate":"https:\/\/www.hotel-praehofer.de\/en\/?s={search_term_string}"},"query-input":{"@type":"PropertyValueSpecification","valueRequired":true,"valueName":"search_term_string"}}],"inLanguage":"en-US"}]}},"_links":{"self":[{"href":"https:\/\/www.hotel-praehofer.de\/en\/wp-json\/wp\/v2\/pages\/89","targetHints":{"allow":["GET"]}}],"collection":[{"href":"https:\/\/www.hotel-praehofer.de\/en\/wp-json\/wp\/v2\/pages"}],"about":[{"href":"https:\/\/www.hotel-praehofer.de\/en\/wp-json\/wp\/v2\/types\/page"}],"author":[{"embeddable":true,"href":"https:\/\/www.hotel-praehofer.de\/en\/wp-json\/wp\/v2\/users\/1"}],"replies":[{"embeddable":true,"href":"https:\/\/www.hotel-praehofer.de\/en\/wp-json\/wp\/v2\/comments?post=89"}],"version-history":[{"count":0,"href":"https:\/\/www.hotel-praehofer.de\/en\/wp-json\/wp\/v2\/pages\/89\/revisions"}],"wp:attachment":[{"href":"https:\/\/www.hotel-praehofer.de\/en\/wp-json\/wp\/v2\/media?parent=89"}],"curies":[{"name":"wp","href":"https:\/\/api.w.org\/{rel}","templated":true}]}}